{"id":6,"date":"2023-12-14T23:33:32","date_gmt":"2023-12-14T20:33:32","guid":{"rendered":"https:\/\/www.srd.ee\/sandona\/?page_id=6"},"modified":"2023-12-14T23:33:32","modified_gmt":"2023-12-14T20:33:32","slug":"sandona-as","status":"publish","type":"page","link":"https:\/\/www.sandona.ee\/et\/","title":{"rendered":"Sandona AS"},"content":{"rendered":"<p>Sandona AS registreeriti \u00c4riregistrisse 1992 aastal.<br \/>\nPeamine tegevusala &#8211; ehitust\u00f6\u00f6d.<br \/>\nFirma samuti annab rendile tootmis- ja kontoriruumie, laopindasid (sees ja v\u00e4ljas).<\/p>\n<h3>Kontakt<\/h3>\n<p>Sandona AS<br \/>\nReg.nr. 10234644<br \/>\nAadress: Vesse 9a, 11415, Tallinn<\/p>\n<p>KMKR nr: EE100254138<br \/>\na\/a 1120042659<br \/>\nIBAN EE242200001120042659<br \/>\nSwedbankas<br \/>\nSWIFT\/BIC: HABAEE2X<\/p>\n<p>tel\/faks +372 6158219<br \/>\ne-mail: info@sandona.ee<\/p>","protected":false},"excerpt":{"rendered":"<p>Sandona AS registreeriti \u00c4riregistrisse 1992 aastal. Peamine tegevusala &#8211; ehitust\u00f6\u00f6d. Firma samuti annab rendile tootmis- ja kontoriruumie, laopindasid (sees ja v\u00e4ljas). Kontakt Sandona AS Reg.nr. 10234644 Aadress: Vesse 9a, 11415, Tallinn KMKR nr: EE100254138 a\/a 1120042659 IBAN EE242200001120042659 Swedbankas SWIFT\/BIC: HABAEE2X tel\/faks +372 6158219 e-mail: info@sandona.ee<\/p>\n","protected":false},"author":1,"featured_media":0,"parent":0,"menu_order":0,"comment_status":"closed","ping_status":"closed","template":"","meta":{"footnotes":""},"class_list":["post-6","page","type-page","status-publish","hentry"],"_links":{"self":[{"href":"https:\/\/www.sandona.ee\/et\/wp-json\/wp\/v2\/pages\/6","targetHints":{"allow":["GET"]}}],"collection":[{"href":"https:\/\/www.sandona.ee\/et\/wp-json\/wp\/v2\/pages"}],"about":[{"href":"https:\/\/www.sandona.ee\/et\/wp-json\/wp\/v2\/types\/page"}],"author":[{"embeddable":true,"href":"https:\/\/www.sandona.ee\/et\/wp-json\/wp\/v2\/users\/1"}],"replies":[{"embeddable":true,"href":"https:\/\/www.sandona.ee\/et\/wp-json\/wp\/v2\/comments?post=6"}],"version-history":[{"count":1,"href":"https:\/\/www.sandona.ee\/et\/wp-json\/wp\/v2\/pages\/6\/revisions"}],"predecessor-version":[{"id":7,"href":"https:\/\/www.sandona.ee\/et\/wp-json\/wp\/v2\/pages\/6\/revisions\/7"}],"wp:attachment":[{"href":"https:\/\/www.sandona.ee\/et\/wp-json\/wp\/v2\/media?parent=6"}],"curies":[{"name":"wp","href":"https:\/\/api.w.org\/{rel}","templated":true}]}}